{"id":3529,"date":"2020-07-02T14:05:58","date_gmt":"2020-07-02T14:05:58","guid":{"rendered":"https:\/\/xn--bestilmorgenbrd-jub.dk\/odense-s\/?page_id=3529"},"modified":"2021-04-16T19:11:16","modified_gmt":"2021-04-16T17:11:16","slug":"cart","status":"publish","type":"page","link":"https:\/\/xn--bestilmorgenbrd-jub.dk\/odense-s\/cart\/","title":{"rendered":"Cart"},"content":{"rendered":"\t\t<div data-elementor-type=\"wp-page\" data-elementor-id=\"3529\" class=\"elementor elementor-3529\">\n\t\t\t\t\t\t<section class=\"elementor-section elementor-top-section elementor-element elementor-element-3d87bdd8 elementor-section-content-middle elementor-section-boxed elementor-section-height-default elementor-section-height-default\" data-id=\"3d87bdd8\" data-element_type=\"section\" data-settings=\"{&quot;background_background&quot;:&quot;classic&quot;}\">\n\t\t\t\t\t\t\t<div class=\"elementor-background-overlay\"><\/div>\n\t\t\t\t\t\t\t<div class=\"elementor-container elementor-column-gap-default\">\n\t\t\t\t\t<div class=\"elementor-column elementor-col-100 elementor-top-column elementor-element elementor-element-3212ea12\" data-id=\"3212ea12\" data-element_type=\"column\" data-settings=\"{&quot;background_background&quot;:&quot;classic&quot;}\">\n\t\t\t<div class=\"elementor-widget-wrap elementor-element-populated\">\n\t\t\t\t\t\t<div class=\"elementor-element elementor-element-7ca9c75 elementor-widget elementor-widget-text-editor\" data-id=\"7ca9c75\" data-element_type=\"widget\" data-widget_type=\"text-editor.default\">\n\t\t\t\t<div class=\"elementor-widget-container\">\n\t\t\t\t\t\t\t\t\t<p>Herfra leveres morgenbr\u00f8d i postnumrene 5000, 5200, 5220, 5230, 5240, 5250, 5260, 5750, 5772, 5792, 5854, 5856 og 5863<\/p><p>For levering i andre omr\u00e5der g\u00e5 til <strong><a href=\"https:\/\/xn--bestilmorgenbrd-jub.dk\/\">Startsiden<\/a><\/strong><\/p>\t\t\t\t\t\t\t\t<\/div>\n\t\t\t\t<\/div>\n\t\t\t\t<div class=\"elementor-element elementor-element-449eb2c elementor-widget elementor-widget-woocommerce-breadcrumb\" data-id=\"449eb2c\" data-element_type=\"widget\" data-widget_type=\"woocommerce-breadcrumb.default\">\n\t\t\t\t<div class=\"elementor-widget-container\">\n\t\t\t\t\t \t\t\t\t<\/div>\n\t\t\t\t<\/div>\n\t\t\t\t<div class=\"elementor-element elementor-element-69217742 elementor-widget elementor-widget-wc-elements\" data-id=\"69217742\" data-element_type=\"widget\" data-widget_type=\"wc-elements.default\">\n\t\t\t\t<div class=\"elementor-widget-container\">\n\t\t\t\t\t \t\t\t\t<\/div>\n\t\t\t\t<\/div>\n\t\t\t\t\t<\/div>\n\t\t<\/div>\n\t\t\t\t\t<\/div>\n\t\t<\/section>\n\t\t\t\t<\/div>\n\t\t","protected":false},"excerpt":{"rendered":"<p>Herfra leveres morgenbr\u00f8d i postnumrene 5000, 5200, 5220, 5230, 5240, 5250, 5260, 5750, 5772, 5792, 5854, 5856 og 5863 For levering i andre omr\u00e5der g\u00e5 til Startsiden<\/p>\n","protected":false},"author":1,"featured_media":0,"parent":0,"menu_order":0,"comment_status":"closed","ping_status":"closed","template":"","meta":{"site-sidebar-layout":"no-sidebar","site-content-layout":"page-builder","ast-global-header-display":"","ast-main-header-display":"","ast-hfb-above-header-display":"","ast-hfb-below-header-display":"","ast-hfb-mobile-header-display":"","site-post-title":"disabled","ast-breadcrumbs-content":"","ast-featured-img":"disabled","footer-sml-layout":"","theme-transparent-header-meta":"default","adv-header-id-meta":"","stick-header-meta":"","header-above-stick-meta":"","header-main-stick-meta":"","header-below-stick-meta":"","footnotes":""},"class_list":["post-3529","page","type-page","status-publish","hentry"],"_links":{"self":[{"href":"https:\/\/xn--bestilmorgenbrd-jub.dk\/odense-s\/wp-json\/wp\/v2\/pages\/3529","targetHints":{"allow":["GET"]}}],"collection":[{"href":"https:\/\/xn--bestilmorgenbrd-jub.dk\/odense-s\/wp-json\/wp\/v2\/pages"}],"about":[{"href":"https:\/\/xn--bestilmorgenbrd-jub.dk\/odense-s\/wp-json\/wp\/v2\/types\/page"}],"author":[{"embeddable":true,"href":"https:\/\/xn--bestilmorgenbrd-jub.dk\/odense-s\/wp-json\/wp\/v2\/users\/1"}],"replies":[{"embeddable":true,"href":"https:\/\/xn--bestilmorgenbrd-jub.dk\/odense-s\/wp-json\/wp\/v2\/comments?post=3529"}],"version-history":[{"count":32,"href":"https:\/\/xn--bestilmorgenbrd-jub.dk\/odense-s\/wp-json\/wp\/v2\/pages\/3529\/revisions"}],"predecessor-version":[{"id":5094,"href":"https:\/\/xn--bestilmorgenbrd-jub.dk\/odense-s\/wp-json\/wp\/v2\/pages\/3529\/revisions\/5094"}],"wp:attachment":[{"href":"https:\/\/xn--bestilmorgenbrd-jub.dk\/odense-s\/wp-json\/wp\/v2\/media?parent=3529"}],"curies":[{"name":"wp","href":"https:\/\/api.w.org\/{rel}","templated":true}]}}