{"id":3560,"date":"2020-07-04T08:21:49","date_gmt":"2020-07-04T08:21:49","guid":{"rendered":"https:\/\/xn--bestilmorgenbrd-jub.dk\/odense-s\/?page_id=3560"},"modified":"2020-07-04T08:22:25","modified_gmt":"2020-07-04T08:22:25","slug":"cookie-politik","status":"publish","type":"page","link":"https:\/\/xn--bestilmorgenbrd-jub.dk\/odense-s\/cookie-politik\/","title":{"rendered":"Cookie politik"},"content":{"rendered":"\t\t<div data-elementor-type=\"wp-page\" data-elementor-id=\"3560\" class=\"elementor elementor-3560\">\n\t\t\t\t\t\t<section class=\"elementor-section elementor-top-section elementor-element elementor-element-2e1d9fe elementor-section-content-middle elementor-section-boxed elementor-section-height-default elementor-section-height-default\" data-id=\"2e1d9fe\" data-element_type=\"section\" data-settings=\"{&quot;background_background&quot;:&quot;gradient&quot;}\">\n\t\t\t\t\t\t\t<div class=\"elementor-background-overlay\"><\/div>\n\t\t\t\t\t\t\t<div class=\"elementor-container elementor-column-gap-default\">\n\t\t\t\t\t<div class=\"elementor-column elementor-col-100 elementor-top-column elementor-element elementor-element-5106ed25\" data-id=\"5106ed25\" data-element_type=\"column\">\n\t\t\t<div class=\"elementor-widget-wrap elementor-element-populated\">\n\t\t\t\t\t\t<div class=\"elementor-element elementor-element-26098a93 elementor-widget elementor-widget-heading\" data-id=\"26098a93\" data-element_type=\"widget\" data-widget_type=\"heading.default\">\n\t\t\t\t<div class=\"elementor-widget-container\">\n\t\t\t\t\t<h2 class=\"elementor-heading-title elementor-size-default\">Cookiepolitik<\/h2>\t\t\t\t<\/div>\n\t\t\t\t<\/div>\n\t\t\t\t<div class=\"elementor-element elementor-element-1ba601a5 elementor-widget elementor-widget-text-editor\" data-id=\"1ba601a5\" data-element_type=\"widget\" data-widget_type=\"text-editor.default\">\n\t\t\t\t<div class=\"elementor-widget-container\">\n\t\t\t\t\t\t\t\t\t<h4>Hvad er cookies?<\/h4><p>Cookies er sm\u00e5 tekstfiler, som gemmes p\u00e5 din computer\/smartphone\/tablet f\u00f8rste gang du bes\u00f8ger en webside for at din computer\/smartphone kan genkendes n\u00e6ste gang du bes\u00f8ger websiden. Cookies kan ikke se, hvem du er, hvad du hedder, hvor du bor eller om computeren bruges af en eller flere personer. Den kan heller ikke sprede computervirus eller andre skadelige programmer.<\/p><h4>Der findes to typer af cookies:<\/h4><p>Sessionscookies, som slettes s\u00e5 snart du forlader en webside.<br \/>Persistent cookies, som bliver lagret p\u00e5 din computer\/smartphone\/tablet med et p\u00e5 forh\u00e5nd fastsat udl\u00f8bstidspunkt.<\/p><p>Cookies udg\u00f8r ikke en trussel mod din computer\/smartphone\/tablet (som f.eks. en virus) og cookies f\u00e5r ikke adgang til programmerne p\u00e5 din computer.<\/p><p>\u00a0<\/p><h4>Anvendelse af cookies p\u00e5 bestilmorgenbr\u00f8d.dk<\/h4><p>Det er kun Bestilmorgenbr\u00f8d\u00a0<span style=\"font-size: 16px; background-color: transparent;\">der benytter oplysningerne. Tredjemand (teknisk partner), har adgang til informationer i n\u00f8dvendigt omfang for at kunne drive tjenesten.<\/span><\/p><h6>Vi anvender cookies til at:<\/h6><p>Forbedre hjemmesiden og sikre fuld udnyttelse af hjemmesidens services<br \/>Genkende bruger fra gang til gang<br \/>M\u00e5le trafik og salg p\u00e5 www.bestilmorgenbr\u00f8d.dk<br \/>Analyse af vareudbud, service m.v.<br \/>Annoncering<br \/>Brugerpr\u00e6ferencer<br \/>Socialt netv\u00e6rk<\/p><p>\u00d8nsker du ikke at acceptere cookies, kan du indstille din browser til automatisk at afvise cookies eller underrette dig hver gang et websted anmoder om at gemme cookies. Se nedenfor hvordan du sletter cookies.S\u00e5dan undg\u00e5r du cookies<br \/>Hvis du ikke \u00f8nsker at tillade cookies, kan brugen afvises ved at \u00e6ndre de relevante indstillinger i din browser.<br \/>\u00d8nsker du ikke at modtage cookies fra www.<span style=\"font-size: 16px; font-style: normal; font-weight: 400;\">bestilmorgenbr\u00f8d<\/span>.dk, kan du i de fleste nye browsere v\u00e6lge cookies fra.<\/p><p>Vejledninger fra de mest almindelige browsere:<\/p><p><a href=\"https:\/\/support.google.com\/chrome\/bin\/answer.py?hl=en&amp;answer=95647&amp;p=cpn_cookies\" target=\"_blank\" rel=\"noopener\">Chrome<\/a><br \/><a href=\"https:\/\/support.apple.com\/en-us\/HT201265\" target=\"_blank\" rel=\"noopener\">Safari<\/a><br \/><a href=\"https:\/\/windows.microsoft.com\/en-gb\/internet-explorer\/delete-manage-cookies#ie=ie-11\" target=\"_blank\" rel=\"noopener\">Internet Explorer<\/a><br \/><a href=\"https:\/\/support.mozilla.org\/en-US\/kb\/delete-cookies-remove-info-websites-stored?esab=a&amp;s=cookies&amp;r=3&amp;as=s\" target=\"_blank\" rel=\"noopener\">Firefox<\/a><br \/><a href=\"https:\/\/support.google.com\/chrome\/answer\/2392709?hl=en\" target=\"_blank\" rel=\"noopener\">Android<\/a><\/p><p>Du kan l\u00e6se mere om cookies i\u00a0<a style=\"font-size: 16px;\" href=\"https:\/\/erhvervsstyrelsen.dk\/cookies\" target=\"_blank\" rel=\"noopener\">Cookies Bekendtg\u00f8relsen<\/a><\/p>\t\t\t\t\t\t\t\t<\/div>\n\t\t\t\t<\/div>\n\t\t\t\t\t<\/div>\n\t\t<\/div>\n\t\t\t\t\t<\/div>\n\t\t<\/section>\n\t\t\t\t<\/div>\n\t\t","protected":false},"excerpt":{"rendered":"<p>Cookiepolitik Hvad er cookies? Cookies er sm\u00e5 tekstfiler, som gemmes p\u00e5 din computer\/smartphone\/tablet f\u00f8rste gang du bes\u00f8ger en webside for at din computer\/smartphone kan genkendes n\u00e6ste gang du bes\u00f8ger websiden. Cookies kan ikke se, hvem du er, hvad du hedder, hvor du bor eller om computeren bruges af en eller flere personer. Den kan heller &hellip;<\/p>\n<p class=\"read-more\"> <a class=\"\" href=\"https:\/\/xn--bestilmorgenbrd-jub.dk\/odense-s\/cookie-politik\/\"> <span class=\"screen-reader-text\">Cookie politik<\/span> L\u00e6s mere &raquo;<\/a><\/p>\n","protected":false},"author":1,"featured_media":0,"parent":0,"menu_order":0,"comment_status":"closed","ping_status":"closed","template":"","meta":{"site-sidebar-layout":"no-sidebar","site-content-layout":"page-builder","ast-global-header-display":"","ast-main-header-display":"","ast-hfb-above-header-display":"","ast-hfb-below-header-display":"","ast-hfb-mobile-header-display":"","site-post-title":"disabled","ast-breadcrumbs-content":"","ast-featured-img":"disabled","footer-sml-layout":"","theme-transparent-header-meta":"default","adv-header-id-meta":"","stick-header-meta":"","header-above-stick-meta":"","header-main-stick-meta":"","header-below-stick-meta":"","footnotes":""},"class_list":["post-3560","page","type-page","status-publish","hentry"],"_links":{"self":[{"href":"https:\/\/xn--bestilmorgenbrd-jub.dk\/odense-s\/wp-json\/wp\/v2\/pages\/3560","targetHints":{"allow":["GET"]}}],"collection":[{"href":"https:\/\/xn--bestilmorgenbrd-jub.dk\/odense-s\/wp-json\/wp\/v2\/pages"}],"about":[{"href":"https:\/\/xn--bestilmorgenbrd-jub.dk\/odense-s\/wp-json\/wp\/v2\/types\/page"}],"author":[{"embeddable":true,"href":"https:\/\/xn--bestilmorgenbrd-jub.dk\/odense-s\/wp-json\/wp\/v2\/users\/1"}],"replies":[{"embeddable":true,"href":"https:\/\/xn--bestilmorgenbrd-jub.dk\/odense-s\/wp-json\/wp\/v2\/comments?post=3560"}],"version-history":[{"count":2,"href":"https:\/\/xn--bestilmorgenbrd-jub.dk\/odense-s\/wp-json\/wp\/v2\/pages\/3560\/revisions"}],"predecessor-version":[{"id":3565,"href":"https:\/\/xn--bestilmorgenbrd-jub.dk\/odense-s\/wp-json\/wp\/v2\/pages\/3560\/revisions\/3565"}],"wp:attachment":[{"href":"https:\/\/xn--bestilmorgenbrd-jub.dk\/odense-s\/wp-json\/wp\/v2\/media?parent=3560"}],"curies":[{"name":"wp","href":"https:\/\/api.w.org\/{rel}","templated":true}]}}