{"id":3580,"date":"2020-07-14T15:12:06","date_gmt":"2020-07-14T15:12:06","guid":{"rendered":"https:\/\/xn--bestilmorgenbrd-jub.dk\/odense-s\/?page_id=3580"},"modified":"2021-11-23T18:18:58","modified_gmt":"2021-11-23T16:18:58","slug":"leveringsbetingelser","status":"publish","type":"page","link":"https:\/\/xn--bestilmorgenbrd-jub.dk\/odense-s\/leveringsbetingelser\/","title":{"rendered":"Leveringsbetingelser"},"content":{"rendered":"\t\t<div data-elementor-type=\"wp-page\" data-elementor-id=\"3580\" class=\"elementor elementor-3580\">\n\t\t\t\t\t\t<section class=\"elementor-section elementor-top-section elementor-element elementor-element-5f2bd141 elementor-section-content-middle elementor-section-boxed elementor-section-height-default elementor-section-height-default\" data-id=\"5f2bd141\" data-element_type=\"section\" data-settings=\"{&quot;background_background&quot;:&quot;gradient&quot;}\">\n\t\t\t\t\t\t\t<div class=\"elementor-background-overlay\"><\/div>\n\t\t\t\t\t\t\t<div class=\"elementor-container elementor-column-gap-default\">\n\t\t\t\t\t<div class=\"elementor-column elementor-col-50 elementor-top-column elementor-element elementor-element-793d4450\" data-id=\"793d4450\" data-element_type=\"column\">\n\t\t\t<div class=\"elementor-widget-wrap elementor-element-populated\">\n\t\t\t\t\t\t<div class=\"elementor-element elementor-element-5121e402 elementor-widget elementor-widget-image\" data-id=\"5121e402\" data-element_type=\"widget\" data-widget_type=\"image.default\">\n\t\t\t\t<div class=\"elementor-widget-container\">\n\t\t\t\t\t\t\t\t\t\t\t\t\t\t\t<img fetchpriority=\"high\" decoding=\"async\" width=\"246\" height=\"300\" src=\"https:\/\/xn--bestilmorgenbrd-jub.dk\/odense-s\/wp-content\/uploads\/sites\/2\/2020\/06\/dame-med-kurv-udklip-lille-1-246x300.png\" class=\"attachment-medium size-medium wp-image-3413\" alt=\"\" srcset=\"https:\/\/xn--bestilmorgenbrd-jub.dk\/odense-s\/wp-content\/uploads\/sites\/2\/2020\/06\/dame-med-kurv-udklip-lille-1-246x300.png 246w, https:\/\/xn--bestilmorgenbrd-jub.dk\/odense-s\/wp-content\/uploads\/sites\/2\/2020\/06\/dame-med-kurv-udklip-lille-1-839x1024.png 839w, https:\/\/xn--bestilmorgenbrd-jub.dk\/odense-s\/wp-content\/uploads\/sites\/2\/2020\/06\/dame-med-kurv-udklip-lille-1-768x937.png 768w, https:\/\/xn--bestilmorgenbrd-jub.dk\/odense-s\/wp-content\/uploads\/sites\/2\/2020\/06\/dame-med-kurv-udklip-lille-1-600x732.png 600w, https:\/\/xn--bestilmorgenbrd-jub.dk\/odense-s\/wp-content\/uploads\/sites\/2\/2020\/06\/dame-med-kurv-udklip-lille-1.png 1000w\" sizes=\"(max-width: 246px) 100vw, 246px\" \/>\t\t\t\t\t\t\t\t\t\t\t\t\t\t\t<\/div>\n\t\t\t\t<\/div>\n\t\t\t\t\t<\/div>\n\t\t<\/div>\n\t\t\t\t<div class=\"elementor-column elementor-col-50 elementor-top-column elementor-element elementor-element-75b7b7f4\" data-id=\"75b7b7f4\" data-element_type=\"column\">\n\t\t\t<div class=\"elementor-widget-wrap elementor-element-populated\">\n\t\t\t\t\t\t<div class=\"elementor-element elementor-element-75f150b elementor-widget elementor-widget-heading\" data-id=\"75f150b\" data-element_type=\"widget\" data-widget_type=\"heading.default\">\n\t\t\t\t<div class=\"elementor-widget-container\">\n\t\t\t\t\t<h1 class=\"elementor-heading-title elementor-size-default\">Bestilling og Levering<\/h1>\t\t\t\t<\/div>\n\t\t\t\t<\/div>\n\t\t\t\t\t<\/div>\n\t\t<\/div>\n\t\t\t\t\t<\/div>\n\t\t<\/section>\n\t\t\t\t<section class=\"elementor-section elementor-top-section elementor-element elementor-element-1a8dd09c elementor-section-boxed elementor-section-height-default elementor-section-height-default\" data-id=\"1a8dd09c\" data-element_type=\"section\">\n\t\t\t\t\t\t<div class=\"elementor-container elementor-column-gap-default\">\n\t\t\t\t\t<div class=\"elementor-column elementor-col-100 elementor-top-column elementor-element elementor-element-7ad5a6e8\" data-id=\"7ad5a6e8\" data-element_type=\"column\" data-settings=\"{&quot;background_background&quot;:&quot;classic&quot;}\">\n\t\t\t<div class=\"elementor-widget-wrap elementor-element-populated\">\n\t\t\t\t\t\t<section class=\"elementor-section elementor-inner-section elementor-element elementor-element-1abea8be elementor-section-full_width elementor-section-content-middle elementor-section-height-default elementor-section-height-default\" data-id=\"1abea8be\" data-element_type=\"section\">\n\t\t\t\t\t\t<div class=\"elementor-container elementor-column-gap-no\">\n\t\t\t\t\t<div class=\"elementor-column elementor-col-50 elementor-inner-column elementor-element elementor-element-29aafbd0\" data-id=\"29aafbd0\" data-element_type=\"column\" data-settings=\"{&quot;background_background&quot;:&quot;classic&quot;}\">\n\t\t\t<div class=\"elementor-widget-wrap elementor-element-populated\">\n\t\t\t\t\t\t<div class=\"elementor-element elementor-element-79ad25cb elementor-widget elementor-widget-heading\" data-id=\"79ad25cb\" data-element_type=\"widget\" data-widget_type=\"heading.default\">\n\t\t\t\t<div class=\"elementor-widget-container\">\n\t\t\t\t\t<h2 class=\"elementor-heading-title elementor-size-default\">S\u00e5dan fungerer det<\/h2>\t\t\t\t<\/div>\n\t\t\t\t<\/div>\n\t\t\t\t<div class=\"elementor-element elementor-element-ce2358e elementor-widget elementor-widget-text-editor\" data-id=\"ce2358e\" data-element_type=\"widget\" data-widget_type=\"text-editor.default\">\n\t\t\t\t<div class=\"elementor-widget-container\">\n\t\t\t\t\t\t\t\t\t<p>Bestilmorgenbr\u00f8d modtager, h\u00e5ndterer og tager ansvar for din bestilling af friskt morgenbr\u00f8d som derefter bringes direkte fra h\u00e5ndv\u00e6rksbageren ud til din adresse. Vi leverer alle dage fra kl. 7.00 til 11.00 og ved mindre bestillinger kan du bestille op til en time f\u00f8r det tidspunkt hvor du \u00f8nsker dit morgenbr\u00f8d leveret. St\u00f8rre bestillinger skal helst v\u00e6re modtaget senest kl. 22.00 aftenen f\u00f8r levering hvis du vil v\u00e6re sikker p\u00e5 at alt kan leveres.<\/p><p><span style=\"font-size: 16px;\">Du kan bestille n\u00e5r det passer dig og v\u00e6lge \u00f8nsket leveringsdag og tidspunkt. Du kan s\u00e5ledes med fordel bestille om aftenen til levering morgenen efter. Seneste tidspunkt for bestilling af br\u00f8d til levering samme dag er kl. 10.00 om formiddagen<\/span><\/p><p><span style=\"font-size: 16px;\">Ved bestilling af br\u00f8d v\u00e6lges seneste tidspunkt for levering. Udbringning kan ske op til en time f\u00f8r det valgte seneste tidspunkt. Dvs. hvis du v\u00e6lger seneste levering kl. 7.30 kan vi risikere at komme kl. 6.30 s\u00e5 i tilf\u00e6lde hvor du ikke har valgt at br\u00f8det m\u00e5 stilles et sted, m\u00e5 du p\u00e5regne at vi m\u00e5ske ringer p\u00e5 d\u00f8ren op til en time f\u00f8r dit valgte seneste leveringstidspunkt.\u00a0<\/span><\/p><p><span style=\"font-size: 16px;\">Hvis du har valgt at vi skal ringe p\u00e5 og d\u00f8ren ikke \u00e5bnes vil vi fors\u00f8ge at ringe til dig, eller br\u00f8det bliver sat bedst muligt under hensyntagen til vind og vejr, samt andre forhold. Hvis vi ikke kan f\u00e5 fat i dig, og grundet vejrforhold eller andet, f.eks. risiko for tyveri ikke vurderer br\u00f8det kan s\u00e6ttes uden risiko tager vi det med igen og du har mulighed for at afhente det p\u00e5 vores adresse, betaling vil ikke blive refunderet ved manglende afhentning.\u00a0<\/span><\/p><p><span style=\"font-size: 16px;\">Der er ingen lovbestemt fortrydelsesret p\u00e5 k\u00f8bet fordi der er tale om madvarer. Hvis du laver en bestilling og fortryder, skal du selvf\u00f8lgelig bare henvende dig hertil hurtigst muligt s\u00e5 ser vi p\u00e5 det og s\u00e5fremt det stadig er muligt annullerer vi bestillingen.<\/span><\/p><p>Skal du afholde et st\u00f8rre arrangement, reception, fest eller andet, leverer vi ogs\u00e5 p\u00e5 andre tidspunkter, ring eller mail og lad os h\u00f8re om dine \u00f8nsker. Der er ogs\u00e5 mulighed for levering af produkter som ikke findes p\u00e5 webshoppen, f.eks. tapaskager, store festkager osv.<\/p><p><span style=\"font-size: 16px;\">Vi tager forbehold for udsolgte varer og beder dig ved bestilling angive om du \u00f8nsker at blive kontaktet hvis br\u00f8det du har bestilt er udsolgt for denne dag, eller om vi blot skal v\u00e6lge det n\u00e6rmest tilsvarende produkt til levering istedet.<\/span><\/p>\t\t\t\t\t\t\t\t<\/div>\n\t\t\t\t<\/div>\n\t\t\t\t\t<\/div>\n\t\t<\/div>\n\t\t\t\t<div class=\"elementor-column elementor-col-50 elementor-inner-column elementor-element elementor-element-50af24b6\" data-id=\"50af24b6\" data-element_type=\"column\" data-settings=\"{&quot;background_background&quot;:&quot;classic&quot;}\">\n\t\t\t<div class=\"elementor-widget-wrap elementor-element-populated\">\n\t\t\t\t\t<div class=\"elementor-background-overlay\"><\/div>\n\t\t\t\t\t\t<div class=\"elementor-element elementor-element-a20e7b4 elementor-widget elementor-widget-heading\" data-id=\"a20e7b4\" data-element_type=\"widget\" data-widget_type=\"heading.default\">\n\t\t\t\t<div class=\"elementor-widget-container\">\n\t\t\t\t\t<h2 class=\"elementor-heading-title elementor-size-default\">Handels betingelser<\/h2>\t\t\t\t<\/div>\n\t\t\t\t<\/div>\n\t\t\t\t<div class=\"elementor-element elementor-element-328780d elementor-widget elementor-widget-text-editor\" data-id=\"328780d\" data-element_type=\"widget\" data-widget_type=\"text-editor.default\">\n\t\t\t\t<div class=\"elementor-widget-container\">\n\t\t\t\t\t\t\t\t\t<p>L\u00e6s\u00a0<a href=\"https:\/\/xn--bestilmorgenbrd-jub.dk\/handelsbetingelser\/\" target=\"_blank\" rel=\"noopener\">handelsbetingelser<\/a>\u00a0g\u00e6ldende for alle webshops under bestilmorgenbr\u00f8d.dk<\/p>\t\t\t\t\t\t\t\t<\/div>\n\t\t\t\t<\/div>\n\t\t\t\t<div class=\"elementor-element elementor-element-49487982 elementor-widget elementor-widget-image\" data-id=\"49487982\" data-element_type=\"widget\" data-widget_type=\"image.default\">\n\t\t\t\t<div class=\"elementor-widget-container\">\n\t\t\t\t\t\t\t\t\t\t\t\t\t\t\t<img decoding=\"async\" width=\"1024\" height=\"564\" src=\"https:\/\/xn--bestilmorgenbrd-jub.dk\/odense-s\/wp-content\/uploads\/sites\/2\/2020\/06\/bread-basket-1024x564.png\" class=\"attachment-large size-large wp-image-3392\" alt=\"\" srcset=\"https:\/\/xn--bestilmorgenbrd-jub.dk\/odense-s\/wp-content\/uploads\/sites\/2\/2020\/06\/bread-basket-1024x564.png 1024w, https:\/\/xn--bestilmorgenbrd-jub.dk\/odense-s\/wp-content\/uploads\/sites\/2\/2020\/06\/bread-basket-300x165.png 300w, https:\/\/xn--bestilmorgenbrd-jub.dk\/odense-s\/wp-content\/uploads\/sites\/2\/2020\/06\/bread-basket-768x423.png 768w, https:\/\/xn--bestilmorgenbrd-jub.dk\/odense-s\/wp-content\/uploads\/sites\/2\/2020\/06\/bread-basket-1536x846.png 1536w, https:\/\/xn--bestilmorgenbrd-jub.dk\/odense-s\/wp-content\/uploads\/sites\/2\/2020\/06\/bread-basket-600x330.png 600w, https:\/\/xn--bestilmorgenbrd-jub.dk\/odense-s\/wp-content\/uploads\/sites\/2\/2020\/06\/bread-basket.png 1656w\" sizes=\"(max-width: 1024px) 100vw, 1024px\" \/>\t\t\t\t\t\t\t\t\t\t\t\t\t\t\t<\/div>\n\t\t\t\t<\/div>\n\t\t\t\t\t<\/div>\n\t\t<\/div>\n\t\t\t\t\t<\/div>\n\t\t<\/section>\n\t\t\t\t<section class=\"elementor-section elementor-inner-section elementor-element elementor-element-7494f275 elementor-section-full_width elementor-section-content-middle elementor-section-height-default elementor-section-height-default\" data-id=\"7494f275\" data-element_type=\"section\">\n\t\t\t\t\t\t<div class=\"elementor-container elementor-column-gap-no\">\n\t\t\t\t\t<div class=\"elementor-column elementor-col-100 elementor-inner-column elementor-element elementor-element-6fa47f00\" data-id=\"6fa47f00\" data-element_type=\"column\" data-settings=\"{&quot;background_background&quot;:&quot;classic&quot;}\">\n\t\t\t<div class=\"elementor-widget-wrap elementor-element-populated\">\n\t\t\t\t\t\t<div class=\"elementor-element elementor-element-119ae43a elementor-widget elementor-widget-heading\" data-id=\"119ae43a\" data-element_type=\"widget\" data-widget_type=\"heading.default\">\n\t\t\t\t<div class=\"elementor-widget-container\">\n\t\t\t\t\t<h2 class=\"elementor-heading-title elementor-size-default\">Kontaktinformation<\/h2>\t\t\t\t<\/div>\n\t\t\t\t<\/div>\n\t\t\t\t\t<\/div>\n\t\t<\/div>\n\t\t\t\t\t<\/div>\n\t\t<\/section>\n\t\t\t\t<section class=\"elementor-section elementor-inner-section elementor-element elementor-element-50b930f8 elementor-section-boxed elementor-section-height-default elementor-section-height-default\" data-id=\"50b930f8\" data-element_type=\"section\">\n\t\t\t\t\t\t<div class=\"elementor-container elementor-column-gap-default\">\n\t\t\t\t\t<div class=\"elementor-column elementor-col-33 elementor-inner-column elementor-element elementor-element-46da8fbf\" data-id=\"46da8fbf\" data-element_type=\"column\" data-settings=\"{&quot;background_background&quot;:&quot;classic&quot;}\">\n\t\t\t<div class=\"elementor-widget-wrap elementor-element-populated\">\n\t\t\t\t\t\t<div class=\"elementor-element elementor-element-77ad135 elementor-position-left elementor-view-default elementor-mobile-position-top elementor-widget elementor-widget-icon-box\" data-id=\"77ad135\" data-element_type=\"widget\" data-widget_type=\"icon-box.default\">\n\t\t\t\t<div class=\"elementor-widget-container\">\n\t\t\t\t\t\t\t<div class=\"elementor-icon-box-wrapper\">\n\n\t\t\t\t\t\t<div class=\"elementor-icon-box-icon\">\n\t\t\t\t<span  class=\"elementor-icon\">\n\t\t\t\t<i aria-hidden=\"true\" class=\"fas fa-phone\"><\/i>\t\t\t\t<\/span>\n\t\t\t<\/div>\n\t\t\t\n\t\t\t\t\t\t<div class=\"elementor-icon-box-content\">\n\n\t\t\t\t\t\t\t\t\t<h3 class=\"elementor-icon-box-title\">\n\t\t\t\t\t\t<span  >\n\t\t\t\t\t\t\tTelefon\t\t\t\t\t\t<\/span>\n\t\t\t\t\t<\/h3>\n\t\t\t\t\n\t\t\t\t\t\t\t\t\t<p class=\"elementor-icon-box-description\">\n\t\t\t\t\t\tTlf. 72224546\t\t\t\t\t<\/p>\n\t\t\t\t\n\t\t\t<\/div>\n\t\t\t\n\t\t<\/div>\n\t\t\t\t\t\t<\/div>\n\t\t\t\t<\/div>\n\t\t\t\t\t<\/div>\n\t\t<\/div>\n\t\t\t\t<div class=\"elementor-column elementor-col-33 elementor-inner-column elementor-element elementor-element-424fa479\" data-id=\"424fa479\" data-element_type=\"column\" data-settings=\"{&quot;background_background&quot;:&quot;classic&quot;}\">\n\t\t\t<div class=\"elementor-widget-wrap elementor-element-populated\">\n\t\t\t\t\t\t<div class=\"elementor-element elementor-element-7bf46353 elementor-position-left elementor-view-default elementor-mobile-position-top elementor-widget elementor-widget-icon-box\" data-id=\"7bf46353\" data-element_type=\"widget\" data-widget_type=\"icon-box.default\">\n\t\t\t\t<div class=\"elementor-widget-container\">\n\t\t\t\t\t\t\t<div class=\"elementor-icon-box-wrapper\">\n\n\t\t\t\t\t\t<div class=\"elementor-icon-box-icon\">\n\t\t\t\t<span  class=\"elementor-icon\">\n\t\t\t\t<i aria-hidden=\"true\" class=\"far fa-address-card\"><\/i>\t\t\t\t<\/span>\n\t\t\t<\/div>\n\t\t\t\n\t\t\t\t\t\t<div class=\"elementor-icon-box-content\">\n\n\t\t\t\t\t\t\t\t\t<h3 class=\"elementor-icon-box-title\">\n\t\t\t\t\t\t<span  >\n\t\t\t\t\t\t\tAdresse\t\t\t\t\t\t<\/span>\n\t\t\t\t\t<\/h3>\n\t\t\t\t\n\t\t\t\t\t\t\t\t\t<p class=\"elementor-icon-box-description\">\n\t\t\t\t\t\tBestil Morgenbr\u00f8d<br>\nC\/O Techmaster<br>\nUgletoften 10<br>\n5260 Odense S\t\t\t\t\t<\/p>\n\t\t\t\t\n\t\t\t<\/div>\n\t\t\t\n\t\t<\/div>\n\t\t\t\t\t\t<\/div>\n\t\t\t\t<\/div>\n\t\t\t\t\t<\/div>\n\t\t<\/div>\n\t\t\t\t<div class=\"elementor-column elementor-col-33 elementor-inner-column elementor-element elementor-element-795df952\" data-id=\"795df952\" data-element_type=\"column\" data-settings=\"{&quot;background_background&quot;:&quot;classic&quot;}\">\n\t\t\t<div class=\"elementor-widget-wrap elementor-element-populated\">\n\t\t\t\t\t\t<div class=\"elementor-element elementor-element-5c43cb42 elementor-position-left elementor-view-default elementor-mobile-position-top elementor-widget elementor-widget-icon-box\" data-id=\"5c43cb42\" data-element_type=\"widget\" data-widget_type=\"icon-box.default\">\n\t\t\t\t<div class=\"elementor-widget-container\">\n\t\t\t\t\t\t\t<div class=\"elementor-icon-box-wrapper\">\n\n\t\t\t\t\t\t<div class=\"elementor-icon-box-icon\">\n\t\t\t\t<span  class=\"elementor-icon\">\n\t\t\t\t<i aria-hidden=\"true\" class=\"fas fa-at\"><\/i>\t\t\t\t<\/span>\n\t\t\t<\/div>\n\t\t\t\n\t\t\t\t\t\t<div class=\"elementor-icon-box-content\">\n\n\t\t\t\t\t\t\t\t\t<h3 class=\"elementor-icon-box-title\">\n\t\t\t\t\t\t<span  >\n\t\t\t\t\t\t\tEmail\t\t\t\t\t\t<\/span>\n\t\t\t\t\t<\/h3>\n\t\t\t\t\n\t\t\t\t\t\t\t\t\t<p class=\"elementor-icon-box-description\">\n\t\t\t\t\t\tinfo@bestilmorgenbrod.dk\t\t\t\t\t<\/p>\n\t\t\t\t\n\t\t\t<\/div>\n\t\t\t\n\t\t<\/div>\n\t\t\t\t\t\t<\/div>\n\t\t\t\t<\/div>\n\t\t\t\t\t<\/div>\n\t\t<\/div>\n\t\t\t\t\t<\/div>\n\t\t<\/section>\n\t\t\t\t\t<\/div>\n\t\t<\/div>\n\t\t\t\t\t<\/div>\n\t\t<\/section>\n\t\t\t\t<\/div>\n\t\t","protected":false},"excerpt":{"rendered":"<p>Bestilling og Levering S\u00e5dan fungerer det Bestilmorgenbr\u00f8d modtager, h\u00e5ndterer og tager ansvar for din bestilling af friskt morgenbr\u00f8d som derefter bringes direkte fra h\u00e5ndv\u00e6rksbageren ud til din adresse. Vi leverer alle dage fra kl. 7.00 til 11.00 og ved mindre bestillinger kan du bestille op til en time f\u00f8r det tidspunkt hvor du \u00f8nsker dit &hellip;<\/p>\n<p class=\"read-more\"> <a class=\"\" href=\"https:\/\/xn--bestilmorgenbrd-jub.dk\/odense-s\/leveringsbetingelser\/\"> <span class=\"screen-reader-text\">Leveringsbetingelser<\/span> L\u00e6s mere &raquo;<\/a><\/p>\n","protected":false},"author":1,"featured_media":0,"parent":0,"menu_order":0,"comment_status":"closed","ping_status":"closed","template":"","meta":{"site-sidebar-layout":"no-sidebar","site-content-layout":"page-builder","ast-global-header-display":"","ast-main-header-display":"","ast-hfb-above-header-display":"","ast-hfb-below-header-display":"","ast-hfb-mobile-header-display":"","site-post-title":"disabled","ast-breadcrumbs-content":"","ast-featured-img":"disabled","footer-sml-layout":"","theme-transparent-header-meta":"default","adv-header-id-meta":"","stick-header-meta":"","header-above-stick-meta":"","header-main-stick-meta":"","header-below-stick-meta":"","footnotes":""},"class_list":["post-3580","page","type-page","status-publish","hentry"],"_links":{"self":[{"href":"https:\/\/xn--bestilmorgenbrd-jub.dk\/odense-s\/wp-json\/wp\/v2\/pages\/3580","targetHints":{"allow":["GET"]}}],"collection":[{"href":"https:\/\/xn--bestilmorgenbrd-jub.dk\/odense-s\/wp-json\/wp\/v2\/pages"}],"about":[{"href":"https:\/\/xn--bestilmorgenbrd-jub.dk\/odense-s\/wp-json\/wp\/v2\/types\/page"}],"author":[{"embeddable":true,"href":"https:\/\/xn--bestilmorgenbrd-jub.dk\/odense-s\/wp-json\/wp\/v2\/users\/1"}],"replies":[{"embeddable":true,"href":"https:\/\/xn--bestilmorgenbrd-jub.dk\/odense-s\/wp-json\/wp\/v2\/comments?post=3580"}],"version-history":[{"count":30,"href":"https:\/\/xn--bestilmorgenbrd-jub.dk\/odense-s\/wp-json\/wp\/v2\/pages\/3580\/revisions"}],"predecessor-version":[{"id":5940,"href":"https:\/\/xn--bestilmorgenbrd-jub.dk\/odense-s\/wp-json\/wp\/v2\/pages\/3580\/revisions\/5940"}],"wp:attachment":[{"href":"https:\/\/xn--bestilmorgenbrd-jub.dk\/odense-s\/wp-json\/wp\/v2\/media?parent=3580"}],"curies":[{"name":"wp","href":"https:\/\/api.w.org\/{rel}","templated":true}]}}