{"id":3831,"date":"2020-08-25T14:26:23","date_gmt":"2020-08-25T12:26:23","guid":{"rendered":"https:\/\/xn--bestilmorgenbrd-jub.dk\/odense-s\/shop\/import-placeholder-for-3869\/"},"modified":"2022-01-14T08:25:08","modified_gmt":"2022-01-14T06:25:08","slug":"stenovnsstykke-med-kerner","status":"publish","type":"product","link":"https:\/\/xn--bestilmorgenbrd-jub.dk\/odense-s\/shop\/stenovnsstykke-med-kerner\/","title":{"rendered":"Stenovnsstykke med kerner"},"content":{"rendered":"<p>Stenovnsstykke med kerner<\/p>\n<p>Dagligt sortiment efter 7.00<\/p>\n<p>Stenovnsstykker kan bestilles til levering f\u00f8r 7.00 men vil ofte ikke v\u00e6re f\u00e6rdige, i s\u00e5 fald vil der blive leveret nogle andre stykker morgenbr\u00f8d istedet<\/p>\n<p>Morgenbr\u00f8d<\/p>\n<p><strong>Ingredienser<\/strong><\/p>\n<p>Hvedemel, vand, gr\u00e6skarkerner, solsikkekerner, h\u00f8rfr\u00f8, salt, bagehj\u00e6lpemiddel (ingredienser: hvedemel, dextrose, hvedegluten, emulgator mono- og diacetylvinsyreestere (e 472e), melbehandlingsmiddel ascorbinsyre (e 300), enzymer), g\u00e6r&#8221;,<\/p>\n","protected":false},"excerpt":{"rendered":"<div title=\"Kan leveres alle dage\">Dagligt sortiment efter 7.00<\/div>\n","protected":false},"featured_media":3874,"comment_status":"open","ping_status":"closed","template":"","meta":{"site-sidebar-layout":"default","site-content-layout":"default","ast-global-header-display":"","ast-main-header-display":"","ast-hfb-above-header-display":"","ast-hfb-below-header-display":"","ast-hfb-mobile-header-display":"","site-post-title":"","ast-breadcrumbs-content":"","ast-featured-img":"","footer-sml-layout":"","theme-transparent-header-meta":"default","adv-header-id-meta":"","stick-header-meta":"","header-above-stick-meta":"","header-main-stick-meta":"","header-below-stick-meta":""},"product_brand":[],"product_cat":[45],"product_tag":[104],"class_list":{"0":"post-3831","1":"product","2":"type-product","3":"status-publish","4":"has-post-thumbnail","6":"product_cat-morgenbroed","7":"product_tag-stenovnsstykke-med-kerner","8":"desktop-align-center","9":"tablet-align-center","10":"mobile-align-center","12":"first","13":"instock","14":"taxable","15":"shipping-taxable","16":"purchasable","17":"product-type-simple"},"_links":{"self":[{"href":"https:\/\/xn--bestilmorgenbrd-jub.dk\/odense-s\/wp-json\/wp\/v2\/product\/3831","targetHints":{"allow":["GET"]}}],"collection":[{"href":"https:\/\/xn--bestilmorgenbrd-jub.dk\/odense-s\/wp-json\/wp\/v2\/product"}],"about":[{"href":"https:\/\/xn--bestilmorgenbrd-jub.dk\/odense-s\/wp-json\/wp\/v2\/types\/product"}],"replies":[{"embeddable":true,"href":"https:\/\/xn--bestilmorgenbrd-jub.dk\/odense-s\/wp-json\/wp\/v2\/comments?post=3831"}],"version-history":[{"count":2,"href":"https:\/\/xn--bestilmorgenbrd-jub.dk\/odense-s\/wp-json\/wp\/v2\/product\/3831\/revisions"}],"predecessor-version":[{"id":6185,"href":"https:\/\/xn--bestilmorgenbrd-jub.dk\/odense-s\/wp-json\/wp\/v2\/product\/3831\/revisions\/6185"}],"wp:featuredmedia":[{"embeddable":true,"href":"https:\/\/xn--bestilmorgenbrd-jub.dk\/odense-s\/wp-json\/wp\/v2\/media\/3874"}],"wp:attachment":[{"href":"https:\/\/xn--bestilmorgenbrd-jub.dk\/odense-s\/wp-json\/wp\/v2\/media?parent=3831"}],"wp:term":[{"taxonomy":"product_brand","embeddable":true,"href":"https:\/\/xn--bestilmorgenbrd-jub.dk\/odense-s\/wp-json\/wp\/v2\/product_brand?post=3831"},{"taxonomy":"product_cat","embeddable":true,"href":"https:\/\/xn--bestilmorgenbrd-jub.dk\/odense-s\/wp-json\/wp\/v2\/product_cat?post=3831"},{"taxonomy":"product_tag","embeddable":true,"href":"https:\/\/xn--bestilmorgenbrd-jub.dk\/odense-s\/wp-json\/wp\/v2\/product_tag?post=3831"}],"curies":[{"name":"wp","href":"https:\/\/api.w.org\/{rel}","templated":true}]}}