{"id":3920,"date":"2020-08-25T14:30:36","date_gmt":"2020-08-25T12:30:36","guid":{"rendered":"https:\/\/xn--bestilmorgenbrd-jub.dk\/odense-s\/shop\/import-placeholder-for-3648\/"},"modified":"2021-10-01T13:24:19","modified_gmt":"2021-10-01T11:24:19","slug":"kernefyldt-rugbroed","status":"publish","type":"product","link":"https:\/\/xn--bestilmorgenbrd-jub.dk\/odense-s\/shop\/kernefyldt-rugbroed\/","title":{"rendered":"Kernefyldt rugbr\u00f8d"},"content":{"rendered":"<p>Bages  Mandag, Onsdag, Fredag og S\u00f8ndag<\/p>\n<p>Fra morgenstunden kan leveres rugbr\u00f8d bagt dagen f\u00f8r. P\u00e5 de dage hvor rugbr\u00f8det bages kan det tidligst leveres kl. 10.00<\/p>\n<p><strong>Ingredienser<\/strong><br \/>\nHalvsigtet rugmel, hvedemel, rugdrys, surdej, kartoffelflager, sukker, salt, bygmaltmel, surhedsregulerendemiddel og g\u00e6r<\/p>\n","protected":false},"excerpt":{"rendered":"<div title=\"Klik p\u00e5 billedet for information om hvilke dage br\u00f8det bages og kan leveres\">S\u00e6lges ikke alle dage. Klik p\u00e5 billedet for info<\/div>\n","protected":false},"featured_media":3970,"comment_status":"open","ping_status":"closed","template":"","meta":{"site-sidebar-layout":"default","site-content-layout":"default","ast-global-header-display":"","ast-main-header-display":"","ast-hfb-above-header-display":"","ast-hfb-below-header-display":"","ast-hfb-mobile-header-display":"","site-post-title":"","ast-breadcrumbs-content":"","ast-featured-img":"","footer-sml-layout":"","theme-transparent-header-meta":"default","adv-header-id-meta":"","stick-header-meta":"","header-above-stick-meta":"","header-main-stick-meta":"","header-below-stick-meta":""},"product_brand":[],"product_cat":[51],"product_tag":[53],"class_list":{"0":"post-3920","1":"product","2":"type-product","3":"status-publish","4":"has-post-thumbnail","6":"product_cat-rugbroed","7":"product_tag-kernefyldt-rugbroed","8":"desktop-align-center","9":"tablet-align-center","10":"mobile-align-center","12":"first","13":"instock","14":"taxable","15":"shipping-taxable","16":"purchasable","17":"product-type-simple"},"_links":{"self":[{"href":"https:\/\/xn--bestilmorgenbrd-jub.dk\/odense-s\/wp-json\/wp\/v2\/product\/3920","targetHints":{"allow":["GET"]}}],"collection":[{"href":"https:\/\/xn--bestilmorgenbrd-jub.dk\/odense-s\/wp-json\/wp\/v2\/product"}],"about":[{"href":"https:\/\/xn--bestilmorgenbrd-jub.dk\/odense-s\/wp-json\/wp\/v2\/types\/product"}],"replies":[{"embeddable":true,"href":"https:\/\/xn--bestilmorgenbrd-jub.dk\/odense-s\/wp-json\/wp\/v2\/comments?post=3920"}],"version-history":[{"count":2,"href":"https:\/\/xn--bestilmorgenbrd-jub.dk\/odense-s\/wp-json\/wp\/v2\/product\/3920\/revisions"}],"predecessor-version":[{"id":4177,"href":"https:\/\/xn--bestilmorgenbrd-jub.dk\/odense-s\/wp-json\/wp\/v2\/product\/3920\/revisions\/4177"}],"wp:featuredmedia":[{"embeddable":true,"href":"https:\/\/xn--bestilmorgenbrd-jub.dk\/odense-s\/wp-json\/wp\/v2\/media\/3970"}],"wp:attachment":[{"href":"https:\/\/xn--bestilmorgenbrd-jub.dk\/odense-s\/wp-json\/wp\/v2\/media?parent=3920"}],"wp:term":[{"taxonomy":"product_brand","embeddable":true,"href":"https:\/\/xn--bestilmorgenbrd-jub.dk\/odense-s\/wp-json\/wp\/v2\/product_brand?post=3920"},{"taxonomy":"product_cat","embeddable":true,"href":"https:\/\/xn--bestilmorgenbrd-jub.dk\/odense-s\/wp-json\/wp\/v2\/product_cat?post=3920"},{"taxonomy":"product_tag","embeddable":true,"href":"https:\/\/xn--bestilmorgenbrd-jub.dk\/odense-s\/wp-json\/wp\/v2\/product_tag?post=3920"}],"curies":[{"name":"wp","href":"https:\/\/api.w.org\/{rel}","templated":true}]}}