{"id":3922,"date":"2020-08-25T14:30:37","date_gmt":"2020-08-25T12:30:37","guid":{"rendered":"https:\/\/xn--bestilmorgenbrd-jub.dk\/odense-s\/shop\/import-placeholder-for-3838\/"},"modified":"2021-10-01T13:24:20","modified_gmt":"2021-10-01T11:24:20","slug":"gammeldags-rugbroed-med-kerner","status":"publish","type":"product","link":"https:\/\/xn--bestilmorgenbrd-jub.dk\/odense-s\/shop\/gammeldags-rugbroed-med-kerner\/","title":{"rendered":"Gammeldags Rugbr\u00f8d med kerner"},"content":{"rendered":"<p>Gammeldags Rugbr\u00f8d med kerner, bagt p\u00e5 gl. dags surdej<\/p>\n<p>Bages Mandag, onsdag, fredag og s\u00f8ndag<\/p>\n<p>Fra morgenstunden kan leveres rugbr\u00f8d bagt dagen f\u00f8r. P\u00e5 de dage hvor rugbr\u00f8det bages kan det tidligst leveres kl. 10.00 <\/p>\n<p><strong>Ingredienser<\/strong><br \/>\nRugmel, sk\u00e5ret rug, salt og g\u00e6r<\/p>\n<p>Ingen E-numre, ingen tilsat hvedemel<\/p>\n","protected":false},"excerpt":{"rendered":"<div title=\"Klik p\u00e5 billedet for information om hvilke dage br\u00f8det bages og kan leveres\">S\u00e6lges ikke alle dage. Klik p\u00e5 billedet for info<\/div>\n","protected":false},"featured_media":3974,"comment_status":"open","ping_status":"closed","template":"","meta":{"site-sidebar-layout":"default","site-content-layout":"default","ast-global-header-display":"","ast-main-header-display":"","ast-hfb-above-header-display":"","ast-hfb-below-header-display":"","ast-hfb-mobile-header-display":"","site-post-title":"","ast-breadcrumbs-content":"","ast-featured-img":"","footer-sml-layout":"","theme-transparent-header-meta":"default","adv-header-id-meta":"","stick-header-meta":"","header-above-stick-meta":"","header-main-stick-meta":"","header-below-stick-meta":""},"product_brand":[],"product_cat":[51],"product_tag":[128,130],"class_list":{"0":"post-3922","1":"product","2":"type-product","3":"status-publish","4":"has-post-thumbnail","6":"product_cat-rugbroed","7":"product_tag-gammeldags-rugbroed","8":"product_tag-rugbroed-med-kerner","9":"desktop-align-center","10":"tablet-align-center","11":"mobile-align-center","13":"first","14":"instock","15":"taxable","16":"shipping-taxable","17":"purchasable","18":"product-type-simple"},"_links":{"self":[{"href":"https:\/\/xn--bestilmorgenbrd-jub.dk\/odense-s\/wp-json\/wp\/v2\/product\/3922","targetHints":{"allow":["GET"]}}],"collection":[{"href":"https:\/\/xn--bestilmorgenbrd-jub.dk\/odense-s\/wp-json\/wp\/v2\/product"}],"about":[{"href":"https:\/\/xn--bestilmorgenbrd-jub.dk\/odense-s\/wp-json\/wp\/v2\/types\/product"}],"replies":[{"embeddable":true,"href":"https:\/\/xn--bestilmorgenbrd-jub.dk\/odense-s\/wp-json\/wp\/v2\/comments?post=3922"}],"version-history":[{"count":2,"href":"https:\/\/xn--bestilmorgenbrd-jub.dk\/odense-s\/wp-json\/wp\/v2\/product\/3922\/revisions"}],"predecessor-version":[{"id":4178,"href":"https:\/\/xn--bestilmorgenbrd-jub.dk\/odense-s\/wp-json\/wp\/v2\/product\/3922\/revisions\/4178"}],"wp:featuredmedia":[{"embeddable":true,"href":"https:\/\/xn--bestilmorgenbrd-jub.dk\/odense-s\/wp-json\/wp\/v2\/media\/3974"}],"wp:attachment":[{"href":"https:\/\/xn--bestilmorgenbrd-jub.dk\/odense-s\/wp-json\/wp\/v2\/media?parent=3922"}],"wp:term":[{"taxonomy":"product_brand","embeddable":true,"href":"https:\/\/xn--bestilmorgenbrd-jub.dk\/odense-s\/wp-json\/wp\/v2\/product_brand?post=3922"},{"taxonomy":"product_cat","embeddable":true,"href":"https:\/\/xn--bestilmorgenbrd-jub.dk\/odense-s\/wp-json\/wp\/v2\/product_cat?post=3922"},{"taxonomy":"product_tag","embeddable":true,"href":"https:\/\/xn--bestilmorgenbrd-jub.dk\/odense-s\/wp-json\/wp\/v2\/product_tag?post=3922"}],"curies":[{"name":"wp","href":"https:\/\/api.w.org\/{rel}","templated":true}]}}