{"id":4604,"date":"2021-01-07T21:38:47","date_gmt":"2021-01-07T20:38:47","guid":{"rendered":"https:\/\/xn--bestilmorgenbrd-jub.dk\/odense-s\/?post_type=product&#038;p=4604"},"modified":"2022-03-20T09:06:07","modified_gmt":"2022-03-20T08:06:07","slug":"fastelavnsbolle-med-creme-floede-og-solbaer","status":"publish","type":"product","link":"https:\/\/xn--bestilmorgenbrd-jub.dk\/odense-s\/shop\/fastelavnsbolle-med-creme-floede-og-solbaer\/","title":{"rendered":"Fastelavnsbolle med Creme, Fl\u00f8de og Solb\u00e6r"},"content":{"rendered":"<p>Fastelavnsbolle med Creme, Fl\u00f8de og Solb\u00e6r<\/p>\n<p>Dagligt sortiment<\/p>\n<p>Disse l\u00e6kre fastelavnsboller er fast sortiment fra Nyt\u00e5r til P\u00e5ske<\/p>\n","protected":false},"excerpt":{"rendered":"<p>Dagligt sortiment fra nyt\u00e5r til P\u00e5ske<\/p>\n","protected":false},"featured_media":4635,"comment_status":"open","ping_status":"closed","template":"","meta":{"site-sidebar-layout":"default","site-content-layout":"default","ast-global-header-display":"","ast-main-header-display":"","ast-hfb-above-header-display":"","ast-hfb-below-header-display":"","ast-hfb-mobile-header-display":"","site-post-title":"","ast-breadcrumbs-content":"","ast-featured-img":"","footer-sml-layout":"","theme-transparent-header-meta":"default","adv-header-id-meta":"","stick-header-meta":"","header-above-stick-meta":"","header-main-stick-meta":"","header-below-stick-meta":""},"product_brand":[],"product_cat":[252],"product_tag":[200],"class_list":{"0":"post-4604","1":"product","2":"type-product","3":"status-publish","4":"has-post-thumbnail","6":"product_cat-saesonvarer","7":"product_tag-fastelavnsbolle-med-creme-floede-og-solbaer","8":"desktop-align-center","9":"tablet-align-center","10":"mobile-align-center","12":"first","13":"outofstock","14":"taxable","15":"shipping-taxable","16":"purchasable","17":"product-type-simple"},"_links":{"self":[{"href":"https:\/\/xn--bestilmorgenbrd-jub.dk\/odense-s\/wp-json\/wp\/v2\/product\/4604","targetHints":{"allow":["GET"]}}],"collection":[{"href":"https:\/\/xn--bestilmorgenbrd-jub.dk\/odense-s\/wp-json\/wp\/v2\/product"}],"about":[{"href":"https:\/\/xn--bestilmorgenbrd-jub.dk\/odense-s\/wp-json\/wp\/v2\/types\/product"}],"replies":[{"embeddable":true,"href":"https:\/\/xn--bestilmorgenbrd-jub.dk\/odense-s\/wp-json\/wp\/v2\/comments?post=4604"}],"version-history":[{"count":2,"href":"https:\/\/xn--bestilmorgenbrd-jub.dk\/odense-s\/wp-json\/wp\/v2\/product\/4604\/revisions"}],"predecessor-version":[{"id":4606,"href":"https:\/\/xn--bestilmorgenbrd-jub.dk\/odense-s\/wp-json\/wp\/v2\/product\/4604\/revisions\/4606"}],"wp:featuredmedia":[{"embeddable":true,"href":"https:\/\/xn--bestilmorgenbrd-jub.dk\/odense-s\/wp-json\/wp\/v2\/media\/4635"}],"wp:attachment":[{"href":"https:\/\/xn--bestilmorgenbrd-jub.dk\/odense-s\/wp-json\/wp\/v2\/media?parent=4604"}],"wp:term":[{"taxonomy":"product_brand","embeddable":true,"href":"https:\/\/xn--bestilmorgenbrd-jub.dk\/odense-s\/wp-json\/wp\/v2\/product_brand?post=4604"},{"taxonomy":"product_cat","embeddable":true,"href":"https:\/\/xn--bestilmorgenbrd-jub.dk\/odense-s\/wp-json\/wp\/v2\/product_cat?post=4604"},{"taxonomy":"product_tag","embeddable":true,"href":"https:\/\/xn--bestilmorgenbrd-jub.dk\/odense-s\/wp-json\/wp\/v2\/product_tag?post=4604"}],"curies":[{"name":"wp","href":"https:\/\/api.w.org\/{rel}","templated":true}]}}