{"id":4937,"date":"2021-03-15T13:00:35","date_gmt":"2021-03-15T11:00:35","guid":{"rendered":"https:\/\/xn--bestilmorgenbrd-jub.dk\/odense-s\/?post_type=product&#038;p=4937"},"modified":"2021-10-01T13:24:23","modified_gmt":"2021-10-01T11:24:23","slug":"egeskov-moelle-broed","status":"publish","type":"product","link":"https:\/\/xn--bestilmorgenbrd-jub.dk\/odense-s\/shop\/egeskov-moelle-broed\/","title":{"rendered":"Egeskov m\u00f8lle br\u00f8d"},"content":{"rendered":"<p>Egeskov m\u00f8lle br\u00f8d<\/p>\n<p>Dagligt sortiment<\/p>\n<p>Grovbr\u00f8d med kerner og fuldkornsmel fra Egeskov m\u00f8lle<\/p>\n","protected":false},"excerpt":{"rendered":"<div title=\"Kan leveres alle dage\">Dagligt sortiment<\/div>\n","protected":false},"featured_media":4940,"comment_status":"open","ping_status":"closed","template":"","meta":{"site-sidebar-layout":"default","site-content-layout":"default","ast-global-header-display":"","ast-main-header-display":"","ast-hfb-above-header-display":"","ast-hfb-below-header-display":"","ast-hfb-mobile-header-display":"","site-post-title":"","ast-breadcrumbs-content":"","ast-featured-img":"","footer-sml-layout":"","theme-transparent-header-meta":"default","adv-header-id-meta":"","stick-header-meta":"","header-above-stick-meta":"","header-main-stick-meta":"","header-below-stick-meta":""},"product_brand":[],"product_cat":[47],"product_tag":[223],"class_list":{"0":"post-4937","1":"product","2":"type-product","3":"status-publish","4":"has-post-thumbnail","6":"product_cat-franskbroed","7":"product_tag-egeskov-moelle-broed","8":"desktop-align-center","9":"tablet-align-center","10":"mobile-align-center","12":"first","13":"instock","14":"taxable","15":"shipping-taxable","16":"purchasable","17":"product-type-simple"},"_links":{"self":[{"href":"https:\/\/xn--bestilmorgenbrd-jub.dk\/odense-s\/wp-json\/wp\/v2\/product\/4937","targetHints":{"allow":["GET"]}}],"collection":[{"href":"https:\/\/xn--bestilmorgenbrd-jub.dk\/odense-s\/wp-json\/wp\/v2\/product"}],"about":[{"href":"https:\/\/xn--bestilmorgenbrd-jub.dk\/odense-s\/wp-json\/wp\/v2\/types\/product"}],"replies":[{"embeddable":true,"href":"https:\/\/xn--bestilmorgenbrd-jub.dk\/odense-s\/wp-json\/wp\/v2\/comments?post=4937"}],"version-history":[{"count":1,"href":"https:\/\/xn--bestilmorgenbrd-jub.dk\/odense-s\/wp-json\/wp\/v2\/product\/4937\/revisions"}],"predecessor-version":[{"id":4938,"href":"https:\/\/xn--bestilmorgenbrd-jub.dk\/odense-s\/wp-json\/wp\/v2\/product\/4937\/revisions\/4938"}],"wp:featuredmedia":[{"embeddable":true,"href":"https:\/\/xn--bestilmorgenbrd-jub.dk\/odense-s\/wp-json\/wp\/v2\/media\/4940"}],"wp:attachment":[{"href":"https:\/\/xn--bestilmorgenbrd-jub.dk\/odense-s\/wp-json\/wp\/v2\/media?parent=4937"}],"wp:term":[{"taxonomy":"product_brand","embeddable":true,"href":"https:\/\/xn--bestilmorgenbrd-jub.dk\/odense-s\/wp-json\/wp\/v2\/product_brand?post=4937"},{"taxonomy":"product_cat","embeddable":true,"href":"https:\/\/xn--bestilmorgenbrd-jub.dk\/odense-s\/wp-json\/wp\/v2\/product_cat?post=4937"},{"taxonomy":"product_tag","embeddable":true,"href":"https:\/\/xn--bestilmorgenbrd-jub.dk\/odense-s\/wp-json\/wp\/v2\/product_tag?post=4937"}],"curies":[{"name":"wp","href":"https:\/\/api.w.org\/{rel}","templated":true}]}}