{"id":5241,"date":"2021-05-10T15:44:44","date_gmt":"2021-05-10T13:44:44","guid":{"rendered":"https:\/\/xn--bestilmorgenbrd-jub.dk\/odense-s\/?post_type=product&#038;p=5241"},"modified":"2021-10-01T13:24:26","modified_gmt":"2021-10-01T11:24:26","slug":"morgenbroed-smoeres-pris-pr-stk","status":"publish","type":"product","link":"https:\/\/xn--bestilmorgenbrd-jub.dk\/odense-s\/shop\/morgenbroed-smoeres-pris-pr-stk\/","title":{"rendered":"Morgenbr\u00f8d sm\u00f8res, pris pr. stk"},"content":{"rendered":"<p>Sm\u00f8r p\u00e5 morgenbr\u00f8ds stykker begge sider. Husk v\u00e6lg antal svarende til hvor mange stykker der skal sm\u00f8re. Hvis kun nogle skal sm\u00f8res, skriv i kommentar feltet hvilke<\/p>\n","protected":false},"excerpt":{"rendered":"<div title=\"Kan leveres alle dage\">Dagligt sortiment<\/div>\n","protected":false},"featured_media":5242,"comment_status":"open","ping_status":"closed","template":"","meta":{"site-sidebar-layout":"default","site-content-layout":"default","ast-global-header-display":"","ast-main-header-display":"","ast-hfb-above-header-display":"","ast-hfb-below-header-display":"","ast-hfb-mobile-header-display":"","site-post-title":"","ast-breadcrumbs-content":"","ast-featured-img":"","footer-sml-layout":"","theme-transparent-header-meta":"default","adv-header-id-meta":"","stick-header-meta":"","header-above-stick-meta":"","header-main-stick-meta":"","header-below-stick-meta":""},"product_brand":[],"product_cat":[45],"product_tag":[240],"class_list":{"0":"post-5241","1":"product","2":"type-product","3":"status-publish","4":"has-post-thumbnail","6":"product_cat-morgenbroed","7":"product_tag-smurte-rundstykker","8":"desktop-align-center","9":"tablet-align-center","10":"mobile-align-center","12":"first","13":"instock","14":"taxable","15":"shipping-taxable","16":"purchasable","17":"product-type-simple"},"_links":{"self":[{"href":"https:\/\/xn--bestilmorgenbrd-jub.dk\/odense-s\/wp-json\/wp\/v2\/product\/5241","targetHints":{"allow":["GET"]}}],"collection":[{"href":"https:\/\/xn--bestilmorgenbrd-jub.dk\/odense-s\/wp-json\/wp\/v2\/product"}],"about":[{"href":"https:\/\/xn--bestilmorgenbrd-jub.dk\/odense-s\/wp-json\/wp\/v2\/types\/product"}],"replies":[{"embeddable":true,"href":"https:\/\/xn--bestilmorgenbrd-jub.dk\/odense-s\/wp-json\/wp\/v2\/comments?post=5241"}],"version-history":[{"count":1,"href":"https:\/\/xn--bestilmorgenbrd-jub.dk\/odense-s\/wp-json\/wp\/v2\/product\/5241\/revisions"}],"predecessor-version":[{"id":5243,"href":"https:\/\/xn--bestilmorgenbrd-jub.dk\/odense-s\/wp-json\/wp\/v2\/product\/5241\/revisions\/5243"}],"wp:featuredmedia":[{"embeddable":true,"href":"https:\/\/xn--bestilmorgenbrd-jub.dk\/odense-s\/wp-json\/wp\/v2\/media\/5242"}],"wp:attachment":[{"href":"https:\/\/xn--bestilmorgenbrd-jub.dk\/odense-s\/wp-json\/wp\/v2\/media?parent=5241"}],"wp:term":[{"taxonomy":"product_brand","embeddable":true,"href":"https:\/\/xn--bestilmorgenbrd-jub.dk\/odense-s\/wp-json\/wp\/v2\/product_brand?post=5241"},{"taxonomy":"product_cat","embeddable":true,"href":"https:\/\/xn--bestilmorgenbrd-jub.dk\/odense-s\/wp-json\/wp\/v2\/product_cat?post=5241"},{"taxonomy":"product_tag","embeddable":true,"href":"https:\/\/xn--bestilmorgenbrd-jub.dk\/odense-s\/wp-json\/wp\/v2\/product_tag?post=5241"}],"curies":[{"name":"wp","href":"https:\/\/api.w.org\/{rel}","templated":true}]}}