{"id":5254,"date":"2021-05-12T08:53:09","date_gmt":"2021-05-12T06:53:09","guid":{"rendered":"https:\/\/xn--bestilmorgenbrd-jub.dk\/odense-s\/?post_type=product&#038;p=5254"},"modified":"2021-06-08T18:40:12","modified_gmt":"2021-06-08T16:40:12","slug":"paalaegsfad-1-med-ost-og-slagterpaalaeg","status":"publish","type":"product","link":"https:\/\/xn--bestilmorgenbrd-jub.dk\/odense-s\/shop\/paalaegsfad-1-med-ost-og-slagterpaalaeg\/","title":{"rendered":"P\u00e5l\u00e6gsfad 1, med ost og slagterp\u00e5l\u00e6g"},"content":{"rendered":"<p>P\u00e5l\u00e6gsfad med store stykker l\u00e6kkert p\u00e5l\u00e6g fra slagteren<\/p>\n<h4>P\u00e5l\u00e6gsfad 1<\/h4>\n<p>5 skiver god Ost<br \/>\n5 skiver slagterrullep\u00f8lse<br \/>\n5 skiver slagterspegep\u00f8lse<br \/>\n5 skiver slagterhamburgerryg<\/p>\n<p>P\u00e5l\u00e6gsfad bestilles senest kl. 12.00 dagen f\u00f8r<\/p>\n<p>Ring eller send mail hvis du \u00f8nsker mere p\u00e5l\u00e6g eller\u00a0 en anden sammens\u00e6tning<\/p>\n","protected":false},"excerpt":{"rendered":"<p>P\u00e5l\u00e6gsfad bestilles senest kl. 12.00 dagen f\u00f8r<\/p>\n","protected":false},"featured_media":5255,"comment_status":"open","ping_status":"closed","template":"","meta":{"site-sidebar-layout":"default","site-content-layout":"default","ast-global-header-display":"","ast-main-header-display":"","ast-hfb-above-header-display":"","ast-hfb-below-header-display":"","ast-hfb-mobile-header-display":"","site-post-title":"","ast-breadcrumbs-content":"","ast-featured-img":"","footer-sml-layout":"","theme-transparent-header-meta":"default","adv-header-id-meta":"","stick-header-meta":"","header-above-stick-meta":"","header-main-stick-meta":"","header-below-stick-meta":""},"product_brand":[],"product_cat":[29],"product_tag":[241],"class_list":{"0":"post-5254","1":"product","2":"type-product","3":"status-publish","4":"has-post-thumbnail","6":"product_cat-paalaeg","7":"product_tag-paalaegsfad-med-ost-og-slagterpaalaeg","8":"desktop-align-center","9":"tablet-align-center","10":"mobile-align-center","12":"first","13":"instock","14":"taxable","15":"shipping-taxable","16":"purchasable","17":"product-type-simple"},"_links":{"self":[{"href":"https:\/\/xn--bestilmorgenbrd-jub.dk\/odense-s\/wp-json\/wp\/v2\/product\/5254","targetHints":{"allow":["GET"]}}],"collection":[{"href":"https:\/\/xn--bestilmorgenbrd-jub.dk\/odense-s\/wp-json\/wp\/v2\/product"}],"about":[{"href":"https:\/\/xn--bestilmorgenbrd-jub.dk\/odense-s\/wp-json\/wp\/v2\/types\/product"}],"replies":[{"embeddable":true,"href":"https:\/\/xn--bestilmorgenbrd-jub.dk\/odense-s\/wp-json\/wp\/v2\/comments?post=5254"}],"version-history":[{"count":4,"href":"https:\/\/xn--bestilmorgenbrd-jub.dk\/odense-s\/wp-json\/wp\/v2\/product\/5254\/revisions"}],"predecessor-version":[{"id":5374,"href":"https:\/\/xn--bestilmorgenbrd-jub.dk\/odense-s\/wp-json\/wp\/v2\/product\/5254\/revisions\/5374"}],"wp:featuredmedia":[{"embeddable":true,"href":"https:\/\/xn--bestilmorgenbrd-jub.dk\/odense-s\/wp-json\/wp\/v2\/media\/5255"}],"wp:attachment":[{"href":"https:\/\/xn--bestilmorgenbrd-jub.dk\/odense-s\/wp-json\/wp\/v2\/media?parent=5254"}],"wp:term":[{"taxonomy":"product_brand","embeddable":true,"href":"https:\/\/xn--bestilmorgenbrd-jub.dk\/odense-s\/wp-json\/wp\/v2\/product_brand?post=5254"},{"taxonomy":"product_cat","embeddable":true,"href":"https:\/\/xn--bestilmorgenbrd-jub.dk\/odense-s\/wp-json\/wp\/v2\/product_cat?post=5254"},{"taxonomy":"product_tag","embeddable":true,"href":"https:\/\/xn--bestilmorgenbrd-jub.dk\/odense-s\/wp-json\/wp\/v2\/product_tag?post=5254"}],"curies":[{"name":"wp","href":"https:\/\/api.w.org\/{rel}","templated":true}]}}