{"id":6089,"date":"2021-12-27T09:11:47","date_gmt":"2021-12-27T07:11:47","guid":{"rendered":"https:\/\/xn--bestilmorgenbrd-jub.dk\/odense-s\/?post_type=product&#038;p=6089"},"modified":"2022-01-04T10:13:36","modified_gmt":"2022-01-04T08:13:36","slug":"kransekage-med-stort-ur","status":"publish","type":"product","link":"https:\/\/xn--bestilmorgenbrd-jub.dk\/odense-s\/shop\/kransekage-med-stort-ur\/","title":{"rendered":"Kransekage med stort Ur, 10-12 personer"},"content":{"rendered":"<p>Nyt\u00e5rs Kransekage. Skal bestilles senest dagen f\u00f8r \u00f8nsket levering eller afhentning. Ring til os hvis du er i tvivl eller har andre s\u00e6rlige \u00f8nsker<\/p>\n","protected":false},"excerpt":{"rendered":"<p>Bestil senest d. 29 December<\/p>\n","protected":false},"featured_media":6083,"comment_status":"open","ping_status":"closed","template":"","meta":{"site-sidebar-layout":"default","site-content-layout":"default","ast-global-header-display":"","ast-main-header-display":"","ast-hfb-above-header-display":"","ast-hfb-below-header-display":"","ast-hfb-mobile-header-display":"","site-post-title":"","ast-breadcrumbs-content":"","ast-featured-img":"","footer-sml-layout":"","theme-transparent-header-meta":"default","adv-header-id-meta":"","stick-header-meta":"","header-above-stick-meta":"","header-main-stick-meta":"","header-below-stick-meta":""},"product_brand":[],"product_cat":[190],"product_tag":[249,247,246],"class_list":{"0":"post-6089","1":"product","2":"type-product","3":"status-publish","4":"has-post-thumbnail","6":"product_cat-festkager","7":"product_tag-kransekage","8":"product_tag-kransekage-med-ur","9":"product_tag-nytaars-kransekage","10":"desktop-align-center","11":"tablet-align-center","12":"mobile-align-center","14":"first","15":"instock","16":"taxable","17":"shipping-taxable","18":"purchasable","19":"product-type-simple"},"_links":{"self":[{"href":"https:\/\/xn--bestilmorgenbrd-jub.dk\/odense-s\/wp-json\/wp\/v2\/product\/6089","targetHints":{"allow":["GET"]}}],"collection":[{"href":"https:\/\/xn--bestilmorgenbrd-jub.dk\/odense-s\/wp-json\/wp\/v2\/product"}],"about":[{"href":"https:\/\/xn--bestilmorgenbrd-jub.dk\/odense-s\/wp-json\/wp\/v2\/types\/product"}],"replies":[{"embeddable":true,"href":"https:\/\/xn--bestilmorgenbrd-jub.dk\/odense-s\/wp-json\/wp\/v2\/comments?post=6089"}],"version-history":[{"count":4,"href":"https:\/\/xn--bestilmorgenbrd-jub.dk\/odense-s\/wp-json\/wp\/v2\/product\/6089\/revisions"}],"predecessor-version":[{"id":6129,"href":"https:\/\/xn--bestilmorgenbrd-jub.dk\/odense-s\/wp-json\/wp\/v2\/product\/6089\/revisions\/6129"}],"wp:featuredmedia":[{"embeddable":true,"href":"https:\/\/xn--bestilmorgenbrd-jub.dk\/odense-s\/wp-json\/wp\/v2\/media\/6083"}],"wp:attachment":[{"href":"https:\/\/xn--bestilmorgenbrd-jub.dk\/odense-s\/wp-json\/wp\/v2\/media?parent=6089"}],"wp:term":[{"taxonomy":"product_brand","embeddable":true,"href":"https:\/\/xn--bestilmorgenbrd-jub.dk\/odense-s\/wp-json\/wp\/v2\/product_brand?post=6089"},{"taxonomy":"product_cat","embeddable":true,"href":"https:\/\/xn--bestilmorgenbrd-jub.dk\/odense-s\/wp-json\/wp\/v2\/product_cat?post=6089"},{"taxonomy":"product_tag","embeddable":true,"href":"https:\/\/xn--bestilmorgenbrd-jub.dk\/odense-s\/wp-json\/wp\/v2\/product_tag?post=6089"}],"curies":[{"name":"wp","href":"https:\/\/api.w.org\/{rel}","templated":true}]}}