{"id":7360,"date":"2022-09-11T10:40:42","date_gmt":"2022-09-11T08:40:42","guid":{"rendered":"https:\/\/xn--bestilmorgenbrd-jub.dk\/odense-s\/?post_type=product&#038;p=7360"},"modified":"2022-09-11T10:55:34","modified_gmt":"2022-09-11T08:55:34","slug":"pistacie-snitte-glutenfri-uden-maelk","status":"publish","type":"product","link":"https:\/\/xn--bestilmorgenbrd-jub.dk\/odense-s\/shop\/pistacie-snitte-glutenfri-uden-maelk\/","title":{"rendered":"Pistacie snitte glutenfri uden m\u00e6lk (2stk)"},"content":{"rendered":"<p><strong>V\u00e6gt<\/strong>\u00a0240 g.(2 stk.)<\/p>\n<p><strong>Opbevaring:<\/strong>\u00a0Bedst p\u00e5 frost eller 4-5 dage p\u00e5 k\u00f8l (Kan genfryses efter kort opt\u00f8ning)<\/p>\n<p><strong>Ingredienser:<br \/>\n<\/strong>Naturlig glutenfri melmix (kartoffelstivelse, majsstivelse, tapioca stivelse, E464, E415,\u00a0<strong>\u00e6ggehvidepulver<\/strong>, psyllum, E471,<br \/>\n<strong>soyalicithin<\/strong>,E481, E475, risstivelse, naturlig bourbon vanilla, naturlig lemon farve, E160a), vand, marcipan (abrikoskerner, sukker, vand,\u00a0<strong>mandler<\/strong>), sukker, vegetabilsk fedtstof (palme, kokos), marmelade (\u00e6bler),\u00a0<strong>past<\/strong>.<strong>\u00e6g<\/strong>, cremepulver laktosefri (sukker, modificeret stivelse,vegetabilsk fedt, glukosesirup), g\u00e6r, pistacie pasta (glukosesirup, vand, sukker, ethyl alkohol, gurkemeje, brilliant blue), salt (jodberiget)<\/p>\n<p>&#8212;&#8212;&#8212;&#8212;&#8212;&#8212;&#8212;&#8212;&#8212;&#8212;&#8212;&#8212;&#8212;&#8212;&#8212;&#8212;&#8212;&#8212;&#8212;&#8212;&#8212;&#8212;&#8212;&#8212;&#8211;<br \/>\n<strong>N\u00e6ringsindhold pr. 100 g.<\/strong><br \/>\nEnergi: 1317kJ\/315Kcal<br \/>\nFedt, total: 15 g.<br \/>\n&#8211; heraf M\u00e6tte: 4,3 g.<br \/>\nKulhydrat, total: 42 g.<br \/>\n&#8211; heraf sukker: 24 g.<br \/>\nKostfibre: 1,1 g.<br \/>\nProteiner, total: 3,4 g.<br \/>\nSalt: 0,63 g.<\/p>\n","protected":false},"excerpt":{"rendered":"<p>Frostvare<\/p>\n","protected":false},"featured_media":7363,"comment_status":"open","ping_status":"closed","template":"","meta":{"site-sidebar-layout":"default","site-content-layout":"default","ast-global-header-display":"","ast-main-header-display":"","ast-hfb-above-header-display":"","ast-hfb-below-header-display":"","ast-hfb-mobile-header-display":"","site-post-title":"","ast-breadcrumbs-content":"","ast-featured-img":"","footer-sml-layout":"","theme-transparent-header-meta":"default","adv-header-id-meta":"","stick-header-meta":"","header-above-stick-meta":"","header-main-stick-meta":"","header-below-stick-meta":""},"product_brand":[],"product_cat":[179],"product_tag":[263],"class_list":{"0":"post-7360","1":"product","2":"type-product","3":"status-publish","4":"has-post-thumbnail","6":"product_cat-glutenfri-broed-og-kager","7":"product_tag-pistacie-snitte-glutenfri-uden-maelk","8":"desktop-align-center","9":"tablet-align-center","10":"mobile-align-center","12":"first","13":"instock","14":"taxable","15":"shipping-taxable","16":"purchasable","17":"product-type-simple"},"_links":{"self":[{"href":"https:\/\/xn--bestilmorgenbrd-jub.dk\/odense-s\/wp-json\/wp\/v2\/product\/7360","targetHints":{"allow":["GET"]}}],"collection":[{"href":"https:\/\/xn--bestilmorgenbrd-jub.dk\/odense-s\/wp-json\/wp\/v2\/product"}],"about":[{"href":"https:\/\/xn--bestilmorgenbrd-jub.dk\/odense-s\/wp-json\/wp\/v2\/types\/product"}],"replies":[{"embeddable":true,"href":"https:\/\/xn--bestilmorgenbrd-jub.dk\/odense-s\/wp-json\/wp\/v2\/comments?post=7360"}],"version-history":[{"count":1,"href":"https:\/\/xn--bestilmorgenbrd-jub.dk\/odense-s\/wp-json\/wp\/v2\/product\/7360\/revisions"}],"predecessor-version":[{"id":7361,"href":"https:\/\/xn--bestilmorgenbrd-jub.dk\/odense-s\/wp-json\/wp\/v2\/product\/7360\/revisions\/7361"}],"wp:featuredmedia":[{"embeddable":true,"href":"https:\/\/xn--bestilmorgenbrd-jub.dk\/odense-s\/wp-json\/wp\/v2\/media\/7363"}],"wp:attachment":[{"href":"https:\/\/xn--bestilmorgenbrd-jub.dk\/odense-s\/wp-json\/wp\/v2\/media?parent=7360"}],"wp:term":[{"taxonomy":"product_brand","embeddable":true,"href":"https:\/\/xn--bestilmorgenbrd-jub.dk\/odense-s\/wp-json\/wp\/v2\/product_brand?post=7360"},{"taxonomy":"product_cat","embeddable":true,"href":"https:\/\/xn--bestilmorgenbrd-jub.dk\/odense-s\/wp-json\/wp\/v2\/product_cat?post=7360"},{"taxonomy":"product_tag","embeddable":true,"href":"https:\/\/xn--bestilmorgenbrd-jub.dk\/odense-s\/wp-json\/wp\/v2\/product_tag?post=7360"}],"curies":[{"name":"wp","href":"https:\/\/api.w.org\/{rel}","templated":true}]}}